{"id":3585,"date":"2023-06-29T09:29:48","date_gmt":"2023-06-29T09:29:48","guid":{"rendered":"https:\/\/serenaclinic.com\/?page_id=3585"},"modified":"2025-10-20T14:48:38","modified_gmt":"2025-10-20T14:48:38","slug":"aviso-legal","status":"publish","type":"page","link":"https:\/\/serenaclinic.com\/?page_id=3585","title":{"rendered":"Aviso Legal"},"content":{"rendered":"<p>[vc_row][vc_column][vc_column_text]<\/p>\n<h1>Aviso Legal<\/h1>\n<p>En cumplimiento con el deber de informaci\u00f3n dispuesto en la Ley 34\/2002 de Servicios de la Sociedad de la Informaci\u00f3n y el Comercio Electr\u00f3nico (LSSI-CE) de 11 de julio, se facilitan a continuaci\u00f3n los siguientes datos de informaci\u00f3n general de este sitio web:<\/p>\n<p>Esta p\u00e1gina Web es titularidad de Dr. Serena Est\u00e9tica SLP:<\/p>\n<ul>\n<li>CIF: B64459662<\/li>\n<li>Direcci\u00f3n postal: Mariano Cub\u00ed 128, Barcelona 08021 (Espa\u00f1a)<\/li>\n<li>Tel\u00e9fono: (+34) 93 418 17 25<\/li>\n<li>Correo electr\u00f3nico: <a href=\"mailto:rafael.serena@serenaclinic.com\">rafael.serena@serenaclinic.com<\/a><\/li>\n<li>N\u00famero de Colegiado: Barcelona 29766<\/li>\n<li>Inscrita en el Registro Mercantil de Barcelona, en el N\u00famero 396, TOMO 39337, folio 43, hoja B 3462 Inscripci\u00f3n 1\u00aa.<\/li>\n<\/ul>\n<ol>\n<li>La utilizaci\u00f3n de esta p\u00e1gina Web atribuye la condici\u00f3n de Usuario a quien lo haga e implica la aceptaci\u00f3n de todas las condiciones incluidas en este Aviso Legal. El Usuario deber\u00e1 leer estas condiciones cada vez que acceda a esta Web, ya que pueden ser modificadas en lo sucesivo. Algunos aspectos de esta p\u00e1gina Web, por su especialidad, pueden estar sujetos a condiciones o reglas particulares que pueden sustituir, completar o modificar este Aviso Legal, por lo que tambi\u00e9n deben ser aceptadas por el Usuario que los utilice o acceda a ellos.<\/li>\n<li><strong>Aviso de complementariedad: La informaci\u00f3n proporcionada en el sitio web no reemplaza sino que complementa la relaci\u00f3n entre el profesional de la salud y su paciente o visitante y en caso de duda, debe consultar con su profesional de salud de referencia.<\/strong><\/li>\n<li>Todos los contenidos de esta Web (textos, fotograf\u00edas, gr\u00e1ficos, im\u00e1genes, tecnolog\u00eda, software, links, contenidos audiovisuales o sonoros, dise\u00f1o gr\u00e1fico, c\u00f3digo fuente, etc.), as\u00ed como las marcas y dem\u00e1s signos distintivos son propiedad de Dr. Serena Est\u00e9tica SLP o de terceros, no adquiriendo el Usuario ning\u00fan derecho sobre ellos por el mero uso de esta Web. El Usuario, deber\u00e1 abstenerse de: a) reproducir, copiar, distribuir, poner a disposici\u00f3n de terceros, comunicar p\u00fablicamente, transformar o modificar los contenidos de esta Web, salvo en los casos contemplados en la ley o expresamente autorizados por Dr. Serena Est\u00e9tica SLP o por el titular de dichos derechos; b) reproducir o copiar para uso privado el software, las im\u00e1genes, los videos o las bases de datos existentes en esta Web, as\u00ed como comunicarlos p\u00fablicamente o ponerlos a disposici\u00f3n de terceros cuando ello conlleve su reproducci\u00f3n; c) extraer o reutilizar los contenidos integrantes de esta Web.<\/li>\n<li>El Usuario que quiera introducir enlaces a esta Web desde sus propias p\u00e1ginas Web estar\u00e1 obligado a cumplir las condiciones siguientes: a) el enlace \u00fanicamente vincular\u00e1 con la home page, no pudiendo reproducirla de ninguna forma; b) no podr\u00e1n establecerse frames o marcos de cualquier tipo que rodeen la Web o permitan visualizarla a trav\u00e9s de direcciones de Internet distintas o conjuntamente con contenidos ajenos a esta Web, de forma que produzca, o pueda producir, error o confusi\u00f3n en los Usuarios sobre la procedencia del servicio o su contenido, implique un acto de comparaci\u00f3n o imitaci\u00f3n desleal, sirva para aprovechar la reputaci\u00f3n, marca y prestigio de Dr. Serena Est\u00e9tica SLP o se haga de cualquier otro modo que est\u00e9 prohibido por la Ley; c) desde la p\u00e1gina que realice el enlace no podr\u00e1 efectuarse ning\u00fan tipo de manifestaci\u00f3n falsa o inexacta sobre Dr. Serena Est\u00e9tica SLP o sobre la calidad de sus servicios; d) El remitente no podr\u00e1 utilizar la marca o cualquier otro signo distintivo de Dr. Serena Est\u00e9tica SLP dentro de su p\u00e1gina Web, salvo en los casos autorizados por la ley o permitidos expresamente por Dr. Serena Est\u00e9tica SLP; e) la p\u00e1gina que establezca el enlace deber\u00e1 observar la legalidad vigente y no podr\u00e1 disponer de o enlazar con contenidos il\u00edcitos, nocivos, contrarios a la moral y a las buenas costumbres, que produzcan o puedan producir la falsa idea de que Dr. Serena Est\u00e9tica SLP respalda o apoya, las ideas, manifestaciones o actuaciones del remitente o que resulten inadecuados en relaci\u00f3n con la actividad desarrollada por Dr. Serena Est\u00e9tica SLP, teniendo en cuenta los contenidos y la tem\u00e1tica general de la p\u00e1gina Web donde se establezca el enlace.<\/li>\n<li>Dr. Serena Est\u00e9tica SLP no es responsable de controlar que en esta Web no existan programas maliciosos o cualquier otro elemento inform\u00e1tico da\u00f1ino. Corresponde al Usuario, en todo caso, disponer de herramientas adecuadas para la detecci\u00f3n y desinfecci\u00f3n de estos elementos. De acuerdo con ello, Dr. Serena Est\u00e9tica SLP no se responsabiliza de los da\u00f1os producidos a equipos inform\u00e1ticos durante el acceso a la presente Web. Igualmente, Dr. Serena Est\u00e9tica SLP no ser\u00e1 responsable de los da\u00f1os producidos a los Usuarios cuando dichos da\u00f1os tengan su origen en fallos o desconexiones en las redes de telecomunicaciones que interrumpan el servicio de esta Web.<\/li>\n<li>Esta Web puede incluir enlaces que permiten al Usuario acceder a otras p\u00e1ginas de Internet. En estos casos, Dr. Serena Est\u00e9tica SLP s\u00f3lo ser\u00e1 responsable de los contenidos y servicios suministrados a trav\u00e9s de los enlaces en cuanto conozca su ilicitud y no los haya desactivado diligentemente. Si un Usuario considerase que existe un enlace con contenidos il\u00edcitos o inadecuados, podr\u00e1 indic\u00e1rselo a Dr. Serena Est\u00e9tica SLP, sin que ello suponga que este quede obligado por ello a retirar el correspondiente enlace. Dr. Serena Est\u00e9tica SLP no siempre conoce los contenidos y servicios de los enlaces y por tanto no se hace responsable por los da\u00f1os derivados de su falta de calidad, desactualizaci\u00f3n, indisponibilidad, error, inutilidad o ilegalidad y no responde de las manifestaciones realizadas o de los contenidos o servicios proporcionados a trav\u00e9s de ellos, salvo que sea directamente responsable de la prestaci\u00f3n de dichos servicios.<\/li>\n<li>El Usuario se compromete a hacer un uso correcto de esta Web de conformidad con la Ley, con el presente Aviso Legal y con las dem\u00e1s condiciones, reglamentos e instrucciones que, en su caso, pudieran ser de aplicaci\u00f3n. El Usuario responder\u00e1 frente a Dr. Serena Est\u00e9tica SLP y frente a terceros de cualesquiera da\u00f1os o perjuicios que pudieran causarse por incumplimiento de estas obligaciones.<\/li>\n<li>El presente Aviso Legal se rige \u00edntegramente por la legislaci\u00f3n espa\u00f1ola. Para la resoluci\u00f3n de cualquier conflicto relativo a la interpretaci\u00f3n o aplicaci\u00f3n de este Aviso Legal, el Usuario se somete expresamente a la jurisdicci\u00f3n de los tribunales de Barcelona (Espa\u00f1a).<\/li>\n<\/ol>\n<p>[\/vc_column_text][\/vc_column][\/vc_row]<\/p>\n","protected":false},"excerpt":{"rendered":"<p>[vc_row][vc_column][vc_column_text] Aviso Legal En cumplimiento con el deber de informaci\u00f3n dispuesto en la Ley 34\/2002 de Servicios de la Sociedad de la Informaci\u00f3n y el Comercio Electr\u00f3nico (LSSI-CE) de 11 de julio, se facilitan a continuaci\u00f3n los siguientes datos de informaci\u00f3n general de este sitio web: Esta p\u00e1gina Web es titularidad de Dr. Serena Est\u00e9tica SLP: CIF: B64459662 Direcci\u00f3n postal:&hellip;<\/p>\n","protected":false},"author":990003,"featured_media":0,"parent":0,"menu_order":0,"comment_status":"closed","ping_status":"closed","template":"","meta":{"om_disable_all_campaigns":false,"_joinchat":[],"footnotes":""},"class_list":["post-3585","page","type-page","status-publish","hentry"],"_links":{"self":[{"href":"https:\/\/serenaclinic.com\/index.php?rest_route=\/wp\/v2\/pages\/3585","targetHints":{"allow":["GET"]}}],"collection":[{"href":"https:\/\/serenaclinic.com\/index.php?rest_route=\/wp\/v2\/pages"}],"about":[{"href":"https:\/\/serenaclinic.com\/index.php?rest_route=\/wp\/v2\/types\/page"}],"author":[{"embeddable":true,"href":"https:\/\/serenaclinic.com\/index.php?rest_route=\/wp\/v2\/users\/990003"}],"replies":[{"embeddable":true,"href":"https:\/\/serenaclinic.com\/index.php?rest_route=%2Fwp%2Fv2%2Fcomments&post=3585"}],"version-history":[{"count":5,"href":"https:\/\/serenaclinic.com\/index.php?rest_route=\/wp\/v2\/pages\/3585\/revisions"}],"predecessor-version":[{"id":3753,"href":"https:\/\/serenaclinic.com\/index.php?rest_route=\/wp\/v2\/pages\/3585\/revisions\/3753"}],"wp:attachment":[{"href":"https:\/\/serenaclinic.com\/index.php?rest_route=%2Fwp%2Fv2%2Fmedia&parent=3585"}],"curies":[{"name":"wp","href":"https:\/\/api.w.org\/{rel}","templated":true}]}}