{"id":3627,"date":"2023-07-04T08:41:50","date_gmt":"2023-07-04T08:41:50","guid":{"rendered":"https:\/\/serenaclinic.com\/?page_id=3627"},"modified":"2025-10-20T14:49:57","modified_gmt":"2025-10-20T14:49:57","slug":"avis-legal-2","status":"publish","type":"page","link":"https:\/\/serenaclinic.com\/?page_id=3627&lang=ca","title":{"rendered":"Av\u00eds Legal"},"content":{"rendered":"<p>[vc_row][vc_column][vc_column_text]<\/p>\n<h1>Av\u00eds Legal<\/h1>\n<p>En compliment amb el deure informaci\u00f3 disposat a la Llei 34\/2002 de Serveis de la Societat de la Informaci\u00f3 i el Comer\u00e7 Electr\u00f2nic (LSSI-CE) d&#8217;11 de juliol, es faciliten a continuaci\u00f3 les dades d&#8217;informaci\u00f3 general seg\u00fcents d&#8217;aquest lloc web :<\/p>\n<p>Aquesta p\u00e0gina Web \u00e9s titularitat de Dr. Serena Est\u00e8tica SLP:<\/p>\n<ul>\n<li>CIF: B64459662<\/li>\n<li>Adre\u00e7a postal: Mariano Cub\u00ed 128, Barcelona 08021 (Espanya)<\/li>\n<li>Tel\u00e8fon: (+34) 93 418 17 25<\/li>\n<li>Correu electr\u00f2nic: <a href=\"mailto:rafael.serena@serenaclinic.com\">rafael.serena@serenaclinic.com<\/a><\/li>\n<li>N\u00famero de col\u00b7legiat: Barcelona 29766<\/li>\n<li>Inscrita al Registre Mercantil de Barcelona, al N\u00famero 396, TOM 39337, foli 43, full B 3462 Inscripci\u00f3 1a.<\/li>\n<\/ul>\n<ol>\n<li>La utilitzaci\u00f3 d&#8217;aquesta p\u00e0gina web atribueix la condici\u00f3 d&#8217;usuari a qui ho faci i implica l&#8217;acceptaci\u00f3 de totes les condicions incloses en aquest av\u00eds legal. L&#8217;Usuari haur\u00e0 de llegir aquestes condicions cada vegada que accedeixi a aquesta Web, ja que poden ser modificades en endavant. Alguns aspectes d&#8217;aquesta p\u00e0gina Web, per la seva especialitat, poden estar subjectes a condicions o regles particulars que poden substituir, completar o modificar aquest Av\u00eds Legal, per la qual cosa tamb\u00e9 han de ser acceptades per l&#8217;Usuari que els utilitzi o hi accedeixi.<\/li>\n<li><strong>Av\u00eds de complementarietat: La informaci\u00f3 proporcionada al lloc web no reempla\u00e7a sin\u00f3 que complementa la relaci\u00f3 entre el professional de la salut i el seu pacient o visitant i en cas de dubte, ha de consultar amb el seu professional de salut de refer\u00e8ncia.<\/strong><\/li>\n<li>Tots els continguts d&#8217;aquesta Web (textos, fotografies, gr\u00e0fics, imatges, tecnologia, programari, links, continguts audiovisuals o sonors, disseny gr\u00e0fic, codi font, etc.), aix\u00ed com les marques i la resta de signes distintius s\u00f3n propietat de Dr. Serena Est\u00e8tica SLP o de tercers, no adquirint l&#8217;Usuari cap dret sobre ells pel simple \u00fas d&#8217;aquest Web. L&#8217;Usuari haur\u00e0 d&#8217;abstenir-se de: a) reproduir, copiar, distribuir, posar a disposici\u00f3 de tercers, comunicar p\u00fablicament, transformar o modificar els continguts d&#8217;aquesta Web, excepte en els casos contemplats a la llei o expressament autoritzats per Dr. Serena Est\u00e9tica SLP o pel titular d&#8217;aquests drets ; b) reproduir o copiar per a \u00fas privat el programari, les imatges, els v\u00eddeos o les bases de dades existents en aquest web, aix\u00ed com comunicar-los p\u00fablicament o posar-los a disposici\u00f3 de tercers quan aix\u00f2 comporti la seva reproducci\u00f3; c) extreure o reutilitzar els continguts integrants d&#8217;aquesta web.<\/li>\n<li>L&#8217;Usuari que vulgui introduir enlla\u00e7os a aquest web des de les seves pr\u00f2pies p\u00e0gines web estar\u00e0 obligat a complir les condicions seg\u00fcents: a) l&#8217;enlla\u00e7 \u00fanicament vincular\u00e0 amb la home page, i no podr\u00e0 reproduir-la de cap manera; b) no es poden establir frames o marcs de qualsevol tipus que envoltin el web o permetin visualitzar-lo a trav\u00e9s d&#8217;adreces d&#8217;Internet diferents o conjuntament amb continguts aliens a aquest web, de manera que produeixi, o pugui produir, error o confusi\u00f3 en els usuaris sobre la proced\u00e8ncia del servei o el seu contingut, impliqui un acte de comparaci\u00f3 o imitaci\u00f3 deslleial, serveixi per aprofitar la reputaci\u00f3, marca i prestigi de Dr. Serena Est\u00e8tica SLP o es faci de qualsevol altra manera que estigui prohibit per la Llei; c) des de la p\u00e0gina que realitzi l&#8217;enlla\u00e7 no es podr\u00e0 efectuar cap tipus de manifestaci\u00f3 falsa o inexacta sobre Dr. Serena Est\u00e9tica SLP o sobre la qualitat dels seus serveis; d) El remitent no podr\u00e0 utilitzar la marca o qualsevol altre signe distintiu de Dr. Serena Est\u00e9tica SLP dins de la seva p\u00e0gina web, excepte en els casos autoritzats per la llei o permesos expressament per Dr. Serena Est\u00e9tica SLP; e) la p\u00e0gina que estableixi l&#8217;enlla\u00e7 haur\u00e0 d&#8217;observar la legalitat vigent i no podr\u00e0 disposar o enlla\u00e7ar amb continguts il\u00b7l\u00edcits, nocius, contraris a la moral i als bons costums, que produeixin o puguin produir la falsa idea que Dr. Serena Est\u00e9tica SLP recolza o recolza, les idees, manifestacions o actuacions del remitent o que resultin inadequats en relaci\u00f3 amb l&#8217;activitat desenvolupada per Dr. Serena Est\u00e9tica SLP, tenint en compte els continguts i la tem\u00e0tica general de la p\u00e0gina web on s&#8217;estableixi l&#8217;enlla\u00e7.<\/li>\n<li>Dr. Serena Est\u00e9tica SLP no \u00e9s responsable de controlar que en aquesta Web no existeixin programes maliciosos o qualsevol altre element inform\u00e0tic perjudicial. Correspon a l&#8217;Usuari, en tot cas, disposar d&#8217;eines adequades per a la detecci\u00f3 i la desinfecci\u00f3 d&#8217;aquests elements. D&#8217;acord amb aix\u00f2, Dr. Serena Est\u00e9tica SLP no es responsabilitza dels danys produ\u00efts a equips inform\u00e0tics durant l&#8217;acc\u00e9s a aquesta Web. Igualment, Dr. Serena Est\u00e9tica SLP no ser\u00e0 responsable dels danys produ\u00efts als Usuaris quan aquests danys tinguin el seu origen en fallades o desconnexions a les xarxes de telecomunicacions que interrompin el servei d&#8217;aquesta Web.<\/li>\n<li>Aquesta web pot incloure enlla\u00e7os que permeten a l&#8217;usuari accedir a altres p\u00e0gines d&#8217;Internet. En aquests casos, Dr. Serena Est\u00e9tica SLP nom\u00e9s ser\u00e0 responsable dels continguts i serveis subministrats a trav\u00e9s dels enlla\u00e7os quan conegui la seva il\u00b7licitud i no els hagi desactivat diligentment. Si un Usuari consider\u00e9s que existeix un enlla\u00e7 amb continguts il\u00b7l\u00edcits o inadequats, podr\u00e0 indicar-ho a Dr. Serena Est\u00e9tica SLP, sense que aix\u00f2 suposi que aquest quedi obligat per aix\u00f2 a retirar el corresponent enlla\u00e7. Dr. Serena Est\u00e9tica SLP no sempre coneix els continguts i serveis dels enlla\u00e7os i per tant no es fa responsable pels danys derivats de la seva manca de qualitat, desactualitzaci\u00f3, indisponibilitat, error, inutilitat o il\u00b7legalitat i no respon de les manifestacions realitzades o de els continguts o serveis proporcionats a trav\u00e9s d&#8217;aquests, llevat que sigui directament responsable de la prestaci\u00f3 dels serveis esmentats.<\/li>\n<li>L&#8217;Usuari es compromet a fer un \u00fas correcte d&#8217;aquesta Web de conformitat amb la Llei, amb aquest Av\u00eds Legal i amb les altres condicions, reglaments i instruccions que, si s&#8217;escau, puguin ser aplicables. L&#8217;Usuari respondr\u00e0 davant de Dr. Serena Est\u00e9tica SLP i davant de tercers de qualssevol danys o perjudicis que poguessin causar-se per incompliment d&#8217;aquestes obligacions.<\/li>\n<li>Aquest Av\u00eds Legal es regeix \u00edntegrament per la legislaci\u00f3 espanyola. Per resoldre qualsevol conflicte relatiu a la interpretaci\u00f3 o aplicaci\u00f3 d&#8217;aquest Av\u00eds Legal, l&#8217;Usuari se sotmet expressament a la jurisdicci\u00f3 dels tribunals de Barcelona (Espanya).<\/li>\n<\/ol>\n<p>[\/vc_column_text][\/vc_column][\/vc_row]<\/p>\n","protected":false},"excerpt":{"rendered":"<p>[vc_row][vc_column][vc_column_text] Av\u00eds Legal En compliment amb el deure informaci\u00f3 disposat a la Llei 34\/2002 de Serveis de la Societat de la Informaci\u00f3 i el Comer\u00e7 Electr\u00f2nic (LSSI-CE) d&#8217;11 de juliol, es faciliten a continuaci\u00f3 les dades d&#8217;informaci\u00f3 general seg\u00fcents d&#8217;aquest lloc web : Aquesta p\u00e0gina Web \u00e9s titularitat de Dr. Serena Est\u00e8tica SLP: CIF: B64459662 Adre\u00e7a postal: Mariano Cub\u00ed 128,&hellip;<\/p>\n","protected":false},"author":990003,"featured_media":0,"parent":0,"menu_order":0,"comment_status":"closed","ping_status":"closed","template":"","meta":{"om_disable_all_campaigns":false,"_joinchat":[],"footnotes":""},"class_list":["post-3627","page","type-page","status-publish","hentry"],"_links":{"self":[{"href":"https:\/\/serenaclinic.com\/index.php?rest_route=\/wp\/v2\/pages\/3627","targetHints":{"allow":["GET"]}}],"collection":[{"href":"https:\/\/serenaclinic.com\/index.php?rest_route=\/wp\/v2\/pages"}],"about":[{"href":"https:\/\/serenaclinic.com\/index.php?rest_route=\/wp\/v2\/types\/page"}],"author":[{"embeddable":true,"href":"https:\/\/serenaclinic.com\/index.php?rest_route=\/wp\/v2\/users\/990003"}],"replies":[{"embeddable":true,"href":"https:\/\/serenaclinic.com\/index.php?rest_route=%2Fwp%2Fv2%2Fcomments&post=3627"}],"version-history":[{"count":1,"href":"https:\/\/serenaclinic.com\/index.php?rest_route=\/wp\/v2\/pages\/3627\/revisions"}],"predecessor-version":[{"id":3754,"href":"https:\/\/serenaclinic.com\/index.php?rest_route=\/wp\/v2\/pages\/3627\/revisions\/3754"}],"wp:attachment":[{"href":"https:\/\/serenaclinic.com\/index.php?rest_route=%2Fwp%2Fv2%2Fmedia&parent=3627"}],"curies":[{"name":"wp","href":"https:\/\/api.w.org\/{rel}","templated":true}]}}